{"id":3924,"date":"2021-09-29T19:27:42","date_gmt":"2021-09-29T19:27:42","guid":{"rendered":"https:\/\/www.hotel-europe-colmarcom.drba1568.odns.fr\/special-offers\/"},"modified":"2022-03-09T14:52:12","modified_gmt":"2022-03-09T13:52:12","slug":"special-offers","status":"publish","type":"page","link":"https:\/\/www.hotel-europe-colmar.com\/en\/special-offers\/","title":{"rendered":"Special offers"},"content":{"rendered":"\t\t<div data-elementor-type=\"wp-page\" data-elementor-id=\"3924\" class=\"elementor elementor-3924\" data-elementor-post-type=\"page\">\n\t\t\t\t\t\t<section data-dce-background-image-url=\"https:\/\/www.hotel-europe-colmar.com\/wp-content\/uploads\/2021\/07\/offres-speciales-1.jpg\" class=\"elementor-section elementor-top-section elementor-element elementor-element-5085323 elementor-section-full_width elementor-section-height-min-height elementor-section-items-bottom elementor-section-content-bottom elementor-section-height-default\" data-id=\"5085323\" data-element_type=\"section\" data-e-type=\"section\" data-settings=\"{&quot;background_background&quot;:&quot;classic&quot;,&quot;jet_parallax_layout_list&quot;:[{&quot;jet_parallax_layout_image&quot;:{&quot;url&quot;:&quot;&quot;,&quot;id&quot;:&quot;&quot;,&quot;size&quot;:&quot;&quot;},&quot;_id&quot;:&quot;a3eb925&quot;,&quot;jet_parallax_layout_image_tablet&quot;:{&quot;url&quot;:&quot;&quot;,&quot;id&quot;:&quot;&quot;,&quot;size&quot;:&quot;&quot;},&quot;jet_parallax_layout_image_mobile&quot;:{&quot;url&quot;:&quot;&quot;,&quot;id&quot;:&quot;&quot;,&quot;size&quot;:&quot;&quot;},&quot;jet_parallax_layout_speed&quot;:{&quot;unit&quot;:&quot;%&quot;,&quot;size&quot;:50,&quot;sizes&quot;:[]},&quot;jet_parallax_layout_type&quot;:&quot;scroll&quot;,&quot;jet_parallax_layout_direction&quot;:null,&quot;jet_parallax_layout_fx_direction&quot;:null,&quot;jet_parallax_layout_z_index&quot;:&quot;&quot;,&quot;jet_parallax_layout_bg_x&quot;:50,&quot;jet_parallax_layout_bg_x_tablet&quot;:&quot;&quot;,&quot;jet_parallax_layout_bg_x_mobile&quot;:&quot;&quot;,&quot;jet_parallax_layout_bg_y&quot;:50,&quot;jet_parallax_layout_bg_y_tablet&quot;:&quot;&quot;,&quot;jet_parallax_layout_bg_y_mobile&quot;:&quot;&quot;,&quot;jet_parallax_layout_bg_size&quot;:&quot;auto&quot;,&quot;jet_parallax_layout_bg_size_tablet&quot;:&quot;&quot;,&quot;jet_parallax_layout_bg_size_mobile&quot;:&quot;&quot;,&quot;jet_parallax_layout_animation_prop&quot;:&quot;transform&quot;,&quot;jet_parallax_layout_on&quot;:[&quot;desktop&quot;,&quot;tablet&quot;]}]}\">\n\t\t\t\t\t\t<div class=\"elementor-container elementor-column-gap-default\">\n\t\t\t\t\t<div class=\"elementor-column elementor-col-100 elementor-top-column elementor-element elementor-element-41234d74\" data-id=\"41234d74\" data-element_type=\"column\" data-e-type=\"column\" data-settings=\"{&quot;background_background&quot;:&quot;classic&quot;}\">\n\t\t\t<div class=\"elementor-widget-wrap elementor-element-populated\">\n\t\t\t\t\t\t<section class=\"elementor-section elementor-inner-section elementor-element elementor-element-2eb6bfa1 elementor-section-full_width elementor-section-content-bottom elementor-section-height-default elementor-section-height-default\" data-id=\"2eb6bfa1\" data-element_type=\"section\" data-e-type=\"section\" data-settings=\"{&quot;jet_parallax_layout_list&quot;:[{&quot;jet_parallax_layout_image&quot;:{&quot;url&quot;:&quot;&quot;,&quot;id&quot;:&quot;&quot;,&quot;size&quot;:&quot;&quot;},&quot;_id&quot;:&quot;9bd7b07&quot;,&quot;jet_parallax_layout_image_tablet&quot;:{&quot;url&quot;:&quot;&quot;,&quot;id&quot;:&quot;&quot;,&quot;size&quot;:&quot;&quot;},&quot;jet_parallax_layout_image_mobile&quot;:{&quot;url&quot;:&quot;&quot;,&quot;id&quot;:&quot;&quot;,&quot;size&quot;:&quot;&quot;},&quot;jet_parallax_layout_speed&quot;:{&quot;unit&quot;:&quot;%&quot;,&quot;size&quot;:50,&quot;sizes&quot;:[]},&quot;jet_parallax_layout_type&quot;:&quot;scroll&quot;,&quot;jet_parallax_layout_direction&quot;:null,&quot;jet_parallax_layout_fx_direction&quot;:null,&quot;jet_parallax_layout_z_index&quot;:&quot;&quot;,&quot;jet_parallax_layout_bg_x&quot;:50,&quot;jet_parallax_layout_bg_x_tablet&quot;:&quot;&quot;,&quot;jet_parallax_layout_bg_x_mobile&quot;:&quot;&quot;,&quot;jet_parallax_layout_bg_y&quot;:50,&quot;jet_parallax_layout_bg_y_tablet&quot;:&quot;&quot;,&quot;jet_parallax_layout_bg_y_mobile&quot;:&quot;&quot;,&quot;jet_parallax_layout_bg_size&quot;:&quot;auto&quot;,&quot;jet_parallax_layout_bg_size_tablet&quot;:&quot;&quot;,&quot;jet_parallax_layout_bg_size_mobile&quot;:&quot;&quot;,&quot;jet_parallax_layout_animation_prop&quot;:&quot;transform&quot;,&quot;jet_parallax_layout_on&quot;:[&quot;desktop&quot;,&quot;tablet&quot;]}]}\">\n\t\t\t\t\t\t<div class=\"elementor-container elementor-column-gap-default\">\n\t\t\t\t\t<div class=\"elementor-column elementor-col-50 elementor-inner-column elementor-element elementor-element-290136b1\" data-id=\"290136b1\" data-element_type=\"column\" data-e-type=\"column\">\n\t\t\t<div class=\"elementor-widget-wrap elementor-element-populated\">\n\t\t\t\t\t\t<div class=\"elementor-element elementor-element-63f37a0e dce_masking-none elementor-widget elementor-widget-image\" data-id=\"63f37a0e\" data-element_type=\"widget\" data-e-type=\"widget\" data-widget_type=\"image.default\">\n\t\t\t\t<div class=\"elementor-widget-container\">\n\t\t\t\t\t\t\t\t\t\t\t\t\t\t\t<img fetchpriority=\"high\" decoding=\"async\" width=\"800\" height=\"800\" src=\"https:\/\/www.hotel-europe-colmar.com\/wp-content\/uploads\/2021\/07\/icon-chambres.svg\" class=\"attachment-large size-large wp-image-3860\" alt=\"\" \/>\t\t\t\t\t\t\t\t\t\t\t\t\t\t\t<\/div>\n\t\t\t\t<\/div>\n\t\t\t\t\t<\/div>\n\t\t<\/div>\n\t\t\t\t<div class=\"elementor-column elementor-col-50 elementor-inner-column elementor-element elementor-element-736c8e20\" data-id=\"736c8e20\" data-element_type=\"column\" data-e-type=\"column\">\n\t\t\t<div class=\"elementor-widget-wrap elementor-element-populated\">\n\t\t\t\t\t\t<div data-dce-text-color=\"#D9B07C\" class=\"elementor-element elementor-element-1c6bc3f elementor-widget elementor-widget-text-editor\" data-id=\"1c6bc3f\" data-element_type=\"widget\" data-e-type=\"widget\" data-widget_type=\"text-editor.default\">\n\t\t\t\t<div class=\"elementor-widget-container\">\n\t\t\t\t\t\t\t\t\t<p>PLEASE<\/p>\t\t\t\t\t\t\t\t<\/div>\n\t\t\t\t<\/div>\n\t\t\t\t\t<\/div>\n\t\t<\/div>\n\t\t\t\t\t<\/div>\n\t\t<\/section>\n\t\t\t\t\t<\/div>\n\t\t<\/div>\n\t\t\t\t\t<\/div>\n\t\t<\/section>\n\t\t\t\t<section data-dce-background-image-url=\"https:\/\/www.hotel-europe-colmar.com\/wp-content\/uploads\/2021\/07\/fond-hotel.jpg\" class=\"elementor-section elementor-top-section elementor-element elementor-element-13efca1d elementor-section-boxed elementor-section-height-default elementor-section-height-default\" data-id=\"13efca1d\" data-element_type=\"section\" data-e-type=\"section\" data-settings=\"{&quot;background_background&quot;:&quot;classic&quot;,&quot;jet_parallax_layout_list&quot;:[{&quot;jet_parallax_layout_image&quot;:{&quot;url&quot;:&quot;&quot;,&quot;id&quot;:&quot;&quot;,&quot;size&quot;:&quot;&quot;},&quot;_id&quot;:&quot;4e8d9ce&quot;,&quot;jet_parallax_layout_image_tablet&quot;:{&quot;url&quot;:&quot;&quot;,&quot;id&quot;:&quot;&quot;,&quot;size&quot;:&quot;&quot;},&quot;jet_parallax_layout_image_mobile&quot;:{&quot;url&quot;:&quot;&quot;,&quot;id&quot;:&quot;&quot;,&quot;size&quot;:&quot;&quot;},&quot;jet_parallax_layout_speed&quot;:{&quot;unit&quot;:&quot;%&quot;,&quot;size&quot;:50,&quot;sizes&quot;:[]},&quot;jet_parallax_layout_type&quot;:&quot;scroll&quot;,&quot;jet_parallax_layout_direction&quot;:null,&quot;jet_parallax_layout_fx_direction&quot;:null,&quot;jet_parallax_layout_z_index&quot;:&quot;&quot;,&quot;jet_parallax_layout_bg_x&quot;:50,&quot;jet_parallax_layout_bg_x_tablet&quot;:&quot;&quot;,&quot;jet_parallax_layout_bg_x_mobile&quot;:&quot;&quot;,&quot;jet_parallax_layout_bg_y&quot;:50,&quot;jet_parallax_layout_bg_y_tablet&quot;:&quot;&quot;,&quot;jet_parallax_layout_bg_y_mobile&quot;:&quot;&quot;,&quot;jet_parallax_layout_bg_size&quot;:&quot;auto&quot;,&quot;jet_parallax_layout_bg_size_tablet&quot;:&quot;&quot;,&quot;jet_parallax_layout_bg_size_mobile&quot;:&quot;&quot;,&quot;jet_parallax_layout_animation_prop&quot;:&quot;transform&quot;,&quot;jet_parallax_layout_on&quot;:[&quot;desktop&quot;,&quot;tablet&quot;]}]}\">\n\t\t\t\t\t\t<div class=\"elementor-container elementor-column-gap-default\">\n\t\t\t\t\t<div class=\"elementor-column elementor-col-100 elementor-top-column elementor-element elementor-element-5897db49\" data-id=\"5897db49\" data-element_type=\"column\" data-e-type=\"column\">\n\t\t\t<div class=\"elementor-widget-wrap elementor-element-populated\">\n\t\t\t\t\t\t<div class=\"elementor-element elementor-element-1fbf6c29 dce_masking-none elementor-invisible elementor-widget elementor-widget-image\" data-id=\"1fbf6c29\" data-element_type=\"widget\" data-e-type=\"widget\" data-settings=\"{&quot;_animation&quot;:&quot;fadeIn&quot;}\" data-widget_type=\"image.default\">\n\t\t\t\t<div class=\"elementor-widget-container\">\n\t\t\t\t\t\t\t\t\t\t\t\t\t\t\t<img decoding=\"async\" width=\"800\" height=\"800\" src=\"https:\/\/www.hotel-europe-colmar.com\/wp-content\/uploads\/2021\/07\/symbole-home.svg\" class=\"attachment-large size-large wp-image-3601\" alt=\"symbole home\" \/>\t\t\t\t\t\t\t\t\t\t\t\t\t\t\t<\/div>\n\t\t\t\t<\/div>\n\t\t\t\t<div data-dce-text-color=\"#000000\" class=\"elementor-element elementor-element-8152f27 elementor-invisible elementor-widget elementor-widget-text-editor\" data-id=\"8152f27\" data-element_type=\"widget\" data-e-type=\"widget\" data-settings=\"{&quot;_animation&quot;:&quot;fadeIn&quot;,&quot;_animation_delay&quot;:100}\" data-widget_type=\"text-editor.default\">\n\t\t\t\t<div class=\"elementor-widget-container\">\n\t\t\t\t\t\t\t\t\t<p>OFFERS<br>SPECIALS<\/p>\t\t\t\t\t\t\t\t<\/div>\n\t\t\t\t<\/div>\n\t\t\t\t<div class=\"elementor-element elementor-element-5628a505 elementor-widget-divider--view-line elementor-invisible elementor-widget elementor-widget-divider\" data-id=\"5628a505\" data-element_type=\"widget\" data-e-type=\"widget\" data-settings=\"{&quot;_animation&quot;:&quot;fadeInUp&quot;,&quot;_animation_delay&quot;:200}\" data-widget_type=\"divider.default\">\n\t\t\t\t<div class=\"elementor-widget-container\">\n\t\t\t\t\t\t\t<div class=\"elementor-divider\">\n\t\t\t<span class=\"elementor-divider-separator\">\n\t\t\t\t\t\t<\/span>\n\t\t<\/div>\n\t\t\t\t\t\t<\/div>\n\t\t\t\t<\/div>\n\t\t\t\t<div data-dce-text-color=\"#161615\" class=\"elementor-element elementor-element-ec9cc60 elementor-invisible elementor-widget elementor-widget-text-editor\" data-id=\"ec9cc60\" data-element_type=\"widget\" data-e-type=\"widget\" data-settings=\"{&quot;_animation&quot;:&quot;fadeInUp&quot;,&quot;_animation_delay&quot;:300}\" data-widget_type=\"text-editor.default\">\n\t\t\t\t<div class=\"elementor-widget-container\">\n\t\t\t\t\t\t\t\t\t<p>Discover the best offers at the Hotel l&#8217;Europe.<br>Make your stay in Colmar an exceptional one.<\/p>\t\t\t\t\t\t\t\t<\/div>\n\t\t\t\t<\/div>\n\t\t\t\t<div class=\"elementor-element elementor-element-4c3893af elementor-widget-divider--view-line elementor-invisible elementor-widget elementor-widget-divider\" data-id=\"4c3893af\" data-element_type=\"widget\" data-e-type=\"widget\" data-settings=\"{&quot;_animation&quot;:&quot;fadeInUp&quot;,&quot;_animation_delay&quot;:400}\" data-widget_type=\"divider.default\">\n\t\t\t\t<div class=\"elementor-widget-container\">\n\t\t\t\t\t\t\t<div class=\"elementor-divider\">\n\t\t\t<span class=\"elementor-divider-separator\">\n\t\t\t\t\t\t<\/span>\n\t\t<\/div>\n\t\t\t\t\t\t<\/div>\n\t\t\t\t<\/div>\n\t\t\t\t<div data-dce-title-color=\"#161615\" class=\"elementor-element elementor-element-7ff445ec elementor-invisible elementor-widget elementor-widget-heading\" data-id=\"7ff445ec\" data-element_type=\"widget\" data-e-type=\"widget\" data-settings=\"{&quot;_animation&quot;:&quot;fadeInUp&quot;,&quot;_animation_delay&quot;:500}\" data-widget_type=\"heading.default\">\n\t\t\t\t<div class=\"elementor-widget-container\">\n\t\t\t\t\t<h2 class=\"elementor-heading-title elementor-size-default\">WELL-BEING - DISCOVERY - PRIVILEGE<\/h2>\t\t\t\t<\/div>\n\t\t\t\t<\/div>\n\t\t\t\t\t<\/div>\n\t\t<\/div>\n\t\t\t\t\t<\/div>\n\t\t<\/section>\n\t\t\t\t<section class=\"elementor-section elementor-top-section elementor-element elementor-element-308f149 elementor-section-full_width elementor-section-height-default elementor-section-height-default\" data-id=\"308f149\" data-element_type=\"section\" data-e-type=\"section\" data-settings=\"{&quot;jet_parallax_layout_list&quot;:[{&quot;jet_parallax_layout_image&quot;:{&quot;url&quot;:&quot;&quot;,&quot;id&quot;:&quot;&quot;,&quot;size&quot;:&quot;&quot;},&quot;_id&quot;:&quot;41517b5&quot;,&quot;jet_parallax_layout_image_tablet&quot;:{&quot;url&quot;:&quot;&quot;,&quot;id&quot;:&quot;&quot;,&quot;size&quot;:&quot;&quot;},&quot;jet_parallax_layout_image_mobile&quot;:{&quot;url&quot;:&quot;&quot;,&quot;id&quot;:&quot;&quot;,&quot;size&quot;:&quot;&quot;},&quot;jet_parallax_layout_speed&quot;:{&quot;unit&quot;:&quot;%&quot;,&quot;size&quot;:50,&quot;sizes&quot;:[]},&quot;jet_parallax_layout_type&quot;:&quot;scroll&quot;,&quot;jet_parallax_layout_direction&quot;:null,&quot;jet_parallax_layout_fx_direction&quot;:null,&quot;jet_parallax_layout_z_index&quot;:&quot;&quot;,&quot;jet_parallax_layout_bg_x&quot;:50,&quot;jet_parallax_layout_bg_x_tablet&quot;:&quot;&quot;,&quot;jet_parallax_layout_bg_x_mobile&quot;:&quot;&quot;,&quot;jet_parallax_layout_bg_y&quot;:50,&quot;jet_parallax_layout_bg_y_tablet&quot;:&quot;&quot;,&quot;jet_parallax_layout_bg_y_mobile&quot;:&quot;&quot;,&quot;jet_parallax_layout_bg_size&quot;:&quot;auto&quot;,&quot;jet_parallax_layout_bg_size_tablet&quot;:&quot;&quot;,&quot;jet_parallax_layout_bg_size_mobile&quot;:&quot;&quot;,&quot;jet_parallax_layout_animation_prop&quot;:&quot;transform&quot;,&quot;jet_parallax_layout_on&quot;:[&quot;desktop&quot;,&quot;tablet&quot;]}]}\">\n\t\t\t\t\t\t<div class=\"elementor-container elementor-column-gap-default\">\n\t\t\t\t\t<div class=\"elementor-column elementor-col-100 elementor-top-column elementor-element elementor-element-e06917f\" data-id=\"e06917f\" data-element_type=\"column\" data-e-type=\"column\">\n\t\t\t<div class=\"elementor-widget-wrap\">\n\t\t\t\t\t\t\t<\/div>\n\t\t<\/div>\n\t\t\t\t\t<\/div>\n\t\t<\/section>\n\t\t\t\t<\/div>\n\t\t","protected":false},"excerpt":{"rendered":"<p>PLEASE OFFERSSPECIALS Discover the best offers at the Hotel l&#8217;Europe.Make your stay in Colmar an exceptional one. WELL-BEING &#8211; DISCOVERY &#8211; PRIVILEGE R\u00c9SERVER R\u00c9SERVER R\u00c9SERVER R\u00c9SERVER R\u00c9SERVER R\u00c9SERVER R\u00c9SERVER<\/p>\n","protected":false},"author":1,"featured_media":0,"parent":0,"menu_order":0,"comment_status":"closed","ping_status":"closed","template":"","meta":{"_acf_changed":false,"inline_featured_image":false,"footnotes":""},"class_list":["post-3924","page","type-page","status-publish","hentry"],"acf":[],"yoast_head":"<!-- This site is optimized with the Yoast SEO plugin v27.2 - https:\/\/yoast.com\/product\/yoast-seo-wordpress\/ -->\n<title>Special offers - H\u00f4tel L&#039;Europe<\/title>\n<meta name=\"robots\" content=\"index, follow, max-snippet:-1, max-image-preview:large, max-video-preview:-1\" \/>\n<link rel=\"canonical\" href=\"https:\/\/www.hotel-europe-colmar.com\/en\/special-offers\/\" \/>\n<meta property=\"og:locale\" content=\"en_US\" \/>\n<meta property=\"og:type\" content=\"article\" \/>\n<meta property=\"og:title\" content=\"Special offers - H\u00f4tel L&#039;Europe\" \/>\n<meta property=\"og:description\" content=\"PLEASE OFFERSSPECIALS Discover the best offers at the Hotel l&#8217;Europe.Make your stay in Colmar an exceptional one. WELL-BEING &#8211; DISCOVERY &#8211; PRIVILEGE R\u00c9SERVER R\u00c9SERVER R\u00c9SERVER R\u00c9SERVER R\u00c9SERVER R\u00c9SERVER R\u00c9SERVER\" \/>\n<meta property=\"og:url\" content=\"https:\/\/www.hotel-europe-colmar.com\/en\/special-offers\/\" \/>\n<meta property=\"og:site_name\" content=\"H\u00f4tel L&#039;Europe\" \/>\n<meta property=\"article:modified_time\" content=\"2022-03-09T13:52:12+00:00\" \/>\n<meta property=\"og:image\" content=\"https:\/\/www.hotel-europe-colmar.com\/wp-content\/uploads\/2021\/07\/icon-chambres.svg\" \/>\n<meta name=\"twitter:card\" content=\"summary_large_image\" \/>\n<script type=\"application\/ld+json\" class=\"yoast-schema-graph\">{\"@context\":\"https:\/\/schema.org\",\"@graph\":[{\"@type\":\"WebPage\",\"@id\":\"https:\/\/www.hotel-europe-colmar.com\/en\/special-offers\/\",\"url\":\"https:\/\/www.hotel-europe-colmar.com\/en\/special-offers\/\",\"name\":\"Special offers - H\u00f4tel L&#039;Europe\",\"isPartOf\":{\"@id\":\"https:\/\/www.hotel-europe-colmar.com\/#website\"},\"primaryImageOfPage\":{\"@id\":\"https:\/\/www.hotel-europe-colmar.com\/en\/special-offers\/#primaryimage\"},\"image\":{\"@id\":\"https:\/\/www.hotel-europe-colmar.com\/en\/special-offers\/#primaryimage\"},\"thumbnailUrl\":\"https:\/\/www.hotel-europe-colmar.com\/wp-content\/uploads\/\/2021\/07\/icon-chambres.svg\",\"datePublished\":\"2021-09-29T19:27:42+00:00\",\"dateModified\":\"2022-03-09T13:52:12+00:00\",\"breadcrumb\":{\"@id\":\"https:\/\/www.hotel-europe-colmar.com\/en\/special-offers\/#breadcrumb\"},\"inLanguage\":\"en-US\",\"potentialAction\":[{\"@type\":\"ReadAction\",\"target\":[\"https:\/\/www.hotel-europe-colmar.com\/en\/special-offers\/\"]}]},{\"@type\":\"ImageObject\",\"inLanguage\":\"en-US\",\"@id\":\"https:\/\/www.hotel-europe-colmar.com\/en\/special-offers\/#primaryimage\",\"url\":\"https:\/\/www.hotel-europe-colmar.com\/wp-content\/uploads\/\/2021\/07\/icon-chambres.svg\",\"contentUrl\":\"https:\/\/www.hotel-europe-colmar.com\/wp-content\/uploads\/\/2021\/07\/icon-chambres.svg\"},{\"@type\":\"BreadcrumbList\",\"@id\":\"https:\/\/www.hotel-europe-colmar.com\/en\/special-offers\/#breadcrumb\",\"itemListElement\":[{\"@type\":\"ListItem\",\"position\":1,\"name\":\"Accueil\",\"item\":\"https:\/\/www.hotel-europe-colmar.com\/en\/\"},{\"@type\":\"ListItem\",\"position\":2,\"name\":\"Special offers\"}]},{\"@type\":\"WebSite\",\"@id\":\"https:\/\/www.hotel-europe-colmar.com\/#website\",\"url\":\"https:\/\/www.hotel-europe-colmar.com\/\",\"name\":\"Hotel Europe\",\"description\":\"Au c\u0153ur de l&#039;Alsace\",\"publisher\":{\"@id\":\"https:\/\/www.hotel-europe-colmar.com\/#organization\"},\"potentialAction\":[{\"@type\":\"SearchAction\",\"target\":{\"@type\":\"EntryPoint\",\"urlTemplate\":\"https:\/\/www.hotel-europe-colmar.com\/?s={search_term_string}\"},\"query-input\":{\"@type\":\"PropertyValueSpecification\",\"valueRequired\":true,\"valueName\":\"search_term_string\"}}],\"inLanguage\":\"en-US\"},{\"@type\":\"Organization\",\"@id\":\"https:\/\/www.hotel-europe-colmar.com\/#organization\",\"name\":\"Hotel Europe\",\"url\":\"https:\/\/www.hotel-europe-colmar.com\/\",\"logo\":{\"@type\":\"ImageObject\",\"inLanguage\":\"en-US\",\"@id\":\"https:\/\/www.hotel-europe-colmar.com\/#\/schema\/logo\/image\/\",\"url\":\"https:\/\/www.hotel-europe-colmar.com\/wp-content\/uploads\/2021\/07\/logo-1.svg\",\"contentUrl\":\"https:\/\/www.hotel-europe-colmar.com\/wp-content\/uploads\/2021\/07\/logo-1.svg\",\"width\":242,\"height\":250,\"caption\":\"Hotel Europe\"},\"image\":{\"@id\":\"https:\/\/www.hotel-europe-colmar.com\/#\/schema\/logo\/image\/\"}}]}<\/script>\n<!-- \/ Yoast SEO plugin. -->","yoast_head_json":{"title":"Special offers - H\u00f4tel L&#039;Europe","robots":{"index":"index","follow":"follow","max-snippet":"max-snippet:-1","max-image-preview":"max-image-preview:large","max-video-preview":"max-video-preview:-1"},"canonical":"https:\/\/www.hotel-europe-colmar.com\/en\/special-offers\/","og_locale":"en_US","og_type":"article","og_title":"Special offers - H\u00f4tel L&#039;Europe","og_description":"PLEASE OFFERSSPECIALS Discover the best offers at the Hotel l&#8217;Europe.Make your stay in Colmar an exceptional one. WELL-BEING &#8211; DISCOVERY &#8211; PRIVILEGE R\u00c9SERVER R\u00c9SERVER R\u00c9SERVER R\u00c9SERVER R\u00c9SERVER R\u00c9SERVER R\u00c9SERVER","og_url":"https:\/\/www.hotel-europe-colmar.com\/en\/special-offers\/","og_site_name":"H\u00f4tel L&#039;Europe","article_modified_time":"2022-03-09T13:52:12+00:00","og_image":[{"url":"https:\/\/www.hotel-europe-colmar.com\/wp-content\/uploads\/2021\/07\/icon-chambres.svg","type":"","width":"","height":""}],"twitter_card":"summary_large_image","schema":{"@context":"https:\/\/schema.org","@graph":[{"@type":"WebPage","@id":"https:\/\/www.hotel-europe-colmar.com\/en\/special-offers\/","url":"https:\/\/www.hotel-europe-colmar.com\/en\/special-offers\/","name":"Special offers - H\u00f4tel L&#039;Europe","isPartOf":{"@id":"https:\/\/www.hotel-europe-colmar.com\/#website"},"primaryImageOfPage":{"@id":"https:\/\/www.hotel-europe-colmar.com\/en\/special-offers\/#primaryimage"},"image":{"@id":"https:\/\/www.hotel-europe-colmar.com\/en\/special-offers\/#primaryimage"},"thumbnailUrl":"https:\/\/www.hotel-europe-colmar.com\/wp-content\/uploads\/\/2021\/07\/icon-chambres.svg","datePublished":"2021-09-29T19:27:42+00:00","dateModified":"2022-03-09T13:52:12+00:00","breadcrumb":{"@id":"https:\/\/www.hotel-europe-colmar.com\/en\/special-offers\/#breadcrumb"},"inLanguage":"en-US","potentialAction":[{"@type":"ReadAction","target":["https:\/\/www.hotel-europe-colmar.com\/en\/special-offers\/"]}]},{"@type":"ImageObject","inLanguage":"en-US","@id":"https:\/\/www.hotel-europe-colmar.com\/en\/special-offers\/#primaryimage","url":"https:\/\/www.hotel-europe-colmar.com\/wp-content\/uploads\/\/2021\/07\/icon-chambres.svg","contentUrl":"https:\/\/www.hotel-europe-colmar.com\/wp-content\/uploads\/\/2021\/07\/icon-chambres.svg"},{"@type":"BreadcrumbList","@id":"https:\/\/www.hotel-europe-colmar.com\/en\/special-offers\/#breadcrumb","itemListElement":[{"@type":"ListItem","position":1,"name":"Accueil","item":"https:\/\/www.hotel-europe-colmar.com\/en\/"},{"@type":"ListItem","position":2,"name":"Special offers"}]},{"@type":"WebSite","@id":"https:\/\/www.hotel-europe-colmar.com\/#website","url":"https:\/\/www.hotel-europe-colmar.com\/","name":"Hotel Europe","description":"Au c\u0153ur de l&#039;Alsace","publisher":{"@id":"https:\/\/www.hotel-europe-colmar.com\/#organization"},"potentialAction":[{"@type":"SearchAction","target":{"@type":"EntryPoint","urlTemplate":"https:\/\/www.hotel-europe-colmar.com\/?s={search_term_string}"},"query-input":{"@type":"PropertyValueSpecification","valueRequired":true,"valueName":"search_term_string"}}],"inLanguage":"en-US"},{"@type":"Organization","@id":"https:\/\/www.hotel-europe-colmar.com\/#organization","name":"Hotel Europe","url":"https:\/\/www.hotel-europe-colmar.com\/","logo":{"@type":"ImageObject","inLanguage":"en-US","@id":"https:\/\/www.hotel-europe-colmar.com\/#\/schema\/logo\/image\/","url":"https:\/\/www.hotel-europe-colmar.com\/wp-content\/uploads\/2021\/07\/logo-1.svg","contentUrl":"https:\/\/www.hotel-europe-colmar.com\/wp-content\/uploads\/2021\/07\/logo-1.svg","width":242,"height":250,"caption":"Hotel Europe"},"image":{"@id":"https:\/\/www.hotel-europe-colmar.com\/#\/schema\/logo\/image\/"}}]}},"_links":{"self":[{"href":"https:\/\/www.hotel-europe-colmar.com\/en\/wp-json\/wp\/v2\/pages\/3924","targetHints":{"allow":["GET"]}}],"collection":[{"href":"https:\/\/www.hotel-europe-colmar.com\/en\/wp-json\/wp\/v2\/pages"}],"about":[{"href":"https:\/\/www.hotel-europe-colmar.com\/en\/wp-json\/wp\/v2\/types\/page"}],"author":[{"embeddable":true,"href":"https:\/\/www.hotel-europe-colmar.com\/en\/wp-json\/wp\/v2\/users\/1"}],"replies":[{"embeddable":true,"href":"https:\/\/www.hotel-europe-colmar.com\/en\/wp-json\/wp\/v2\/comments?post=3924"}],"version-history":[{"count":5,"href":"https:\/\/www.hotel-europe-colmar.com\/en\/wp-json\/wp\/v2\/pages\/3924\/revisions"}],"predecessor-version":[{"id":49406,"href":"https:\/\/www.hotel-europe-colmar.com\/en\/wp-json\/wp\/v2\/pages\/3924\/revisions\/49406"}],"wp:attachment":[{"href":"https:\/\/www.hotel-europe-colmar.com\/en\/wp-json\/wp\/v2\/media?parent=3924"}],"curies":[{"name":"wp","href":"https:\/\/api.w.org\/{rel}","templated":true}]}}